{"id":538,"date":"2016-02-16T10:42:03","date_gmt":"2016-02-16T10:42:03","guid":{"rendered":"http:\/\/bertrago-now.de\/?page_id=538"},"modified":"2016-04-14T11:46:56","modified_gmt":"2016-04-14T11:46:56","slug":"shopping-tour","status":"publish","type":"page","link":"https:\/\/bertrago.de\/en\/shopping-tour","title":{"rendered":"Shopping Tours"},"content":{"rendered":"<p><\/br><\/p>\n<h2>Shopping Tours<\/h2>\n<p><\/br><br \/>\nTreat yourself to an exclusive shopping tour with bertrago during your stay in the capital city. Extravagant, classy, or hip \u2013 we turn shopping into a unique experience.<\/p>\n<p>We will pick you up at your hotel or at any other desired location in Berlin in our modern, well-maintained, leather-trimmed vehicles (in the chosen category). Raise a glass of champagne and drink a toast to a wonderful day (optional and at extra cost). Your driver will then chauffeur you to the most popular shopping centers and fashion miles in town. With the inexhaustible variety in Schlosstra\u00dfe, Friedrichstra\u00dfe, Kurf\u00fcrstendamm, in the Eastgate and Alexa shopping malls, and in the B5-Designer-Outlet-Center you will certainly find what you were looking for. Even if your taste of fashion is far from mainstream, Berlin\u2019s varied fashion scene has everything to offer. We will show you hip fashion studios, exclusive boutiques, and the showrooms of the most popular designers. As a matter of course, you won\u2019t have to worry about your shopping bags. Your chauffeur will be happy to accompany you on your shopping tour to assist you with your carry-alls, or will pick them up on call to safely stow them away in the limousine. Would you like to grab a bite to eat during your shopping outing? The KaDeWe is the perfect place for a light meal; choose from a tremendous variety of international delicacies in its phenomenal food department. <\/p>\n<p>We offer shopping packages of different lengths (between 6 and 12 hours). Please choose an appropriate number of locations according to the total length of your tour, for example some of the following:<\/p>\n<p>&#8211; Kurf\u00fcrstendamm\/Tauentzienstra\u00dfe\/KaDeWe<br \/>\n&#8211; Friedrichstra\u00dfe\/Galleries Lafayette<br \/>\n&#8211; Schlossstra\u00dfe<br \/>\n&#8211; Alexa<br \/>\n&#8211; Eastgate<br \/>\n&#8211; B5-Designer-Outlet-Berlin<br \/>\n&#8211; Hackescher Markt<\/p>\n<p>Two different shopping locations have proven to be ideal on our 6 hour tour, three locations on our 9 hour tour, and not more than four or five on the 12 hour tour. Please let us also know your own ideas. We are happy to customize our service according to your individual preferences.<br \/>\n<\/br><br \/>\n<\/br><\/p>\n<div class=\"box_product\">\n<img loading=\"lazy\" class=\"alignleft size-full wp-image-403\" src=\"http:\/\/bertrago.de\/wp-content\/uploads\/2016\/03\/van_2xx.jpg\" alt=\"Van\" width=\"200\" height=\"100\" \/><\/p>\n<h3>6 Hours Shopping Tour<\/h3>\n<p>Economy (e.g. Mercedes Vito, estate car)<a href=\"http:\/\/www.bertrago.de\/de\/produkt\/6-stunden-shopping-tour-economy\" class=\"medium square otw-button\" style=\"background-color: #FF7F26;\"><i class=\"general foundicon-cart\"><\/i>from \u20ac 279,00<\/a><br \/>\n<\/br><\/p>\n<p>Business (e.g. Mercedes Viano)<a href=\"http:\/\/www.bertrago.de\/de\/produkt\/6-stunden-shopping-tour-business\" class=\"medium square otw-button\" style=\"background-color: #FF7F26;\"><i class=\"general foundicon-cart\"><\/i>from \u20ac 319,00<\/a><br \/>\n<\/br><\/p>\n<p>Exclusive (e.g. Mercedes E-Class)<a href=\"http:\/\/www.bertrago.de\/de\/produkt\/6-stunden-shopping-tour-exclusive\" class=\"medium square otw-button\" style=\"background-color: #FF7F26;\"><i class=\"general foundicon-cart\"><\/i>from \u20ac 559,00<\/a><br \/>\n<\/br><\/p>\n<p>Luxury (e.g. Mercedes S-Class)<a href=\"http:\/\/www.bertrago.de\/de\/produkt\/6-stunden-shopping-tour-luxury\" class=\"medium square otw-button\" style=\"background-color: #FF7F26;\"><i class=\"general foundicon-cart\"><\/i>from \u20ac 769,00<\/a><br \/>\n<\/br><\/p>\n<p><\/br><\/p>\n<p><strong>Extra charge for a bottle of Mo\u00ebt &#038; Chandon \u20ac 49,00<\/strong><br \/>\n<i>all prices incl. 19% tax<\/i>\n<\/div>\n<p><\/br><\/p>\n<div class=\"box_product\">\n<img loading=\"lazy\" class=\"alignleft size-full wp-image-403\" src=\"http:\/\/bertrago.de\/wp-content\/uploads\/2016\/03\/FRONT-iStock_000012295105Small.jpg\" alt=\"Van\" width=\"200\" height=\"100\" \/><\/p>\n<h3>9 Hours Shopping Tour<\/h3>\n<p>Economy (e.g. Mercedes Vito, estate car)<a href=\"http:\/\/www.bertrago.de\/de\/produkt\/9-stunden-shopping-tour-economy\" class=\"medium square otw-button\" style=\"background-color: #FF7F26;\"><i class=\"general foundicon-cart\"><\/i>from \u20ac 399,00<\/a><br \/>\n<\/br><\/p>\n<p>Business (e.g. Mercedes Viano)<a href=\"http:\/\/www.bertrago.de\/de\/produkt\/9-stunden-shopping-tour-business\" class=\"medium square otw-button\" style=\"background-color: #FF7F26;\"><i class=\"general foundicon-cart\"><\/i>from \u20ac 449,00<\/a><br \/>\n<\/br><\/p>\n<p>Exclusive (e.g. Mercedes E-Class)<a href=\"http:\/\/www.bertrago.de\/de\/produkt\/9-stunden-shopping-tour-exclusive\" class=\"medium square otw-button\" style=\"background-color: #FF7F26;\"><i class=\"general foundicon-cart\"><\/i>from \u20ac 789,00<\/a><br \/>\n<\/br><\/p>\n<p>Luxury (e.g. Mercedes S-Class)<a href=\"http:\/\/www.bertrago.de\/de\/produkt\/9-stunden-shopping-tour-luxury\" class=\"medium square otw-button\" style=\"background-color: #FF7F26;\"><i class=\"general foundicon-cart\"><\/i>from \u20ac 1089,00<\/a><br \/>\n<\/br><\/p>\n<p><\/br><\/p>\n<p><strong>Extra charge for a bottle of Mo\u00ebt &#038; Chandon \u20ac 49,00<\/strong><br \/>\n<i>all prices incl. 19% tax<\/i>\n<\/div>\n<p><\/br><\/p>\n<div class=\"box_product\">\n<img loading=\"lazy\" class=\"alignleft size-full wp-image-403\" src=\"http:\/\/bertrago.de\/wp-content\/uploads\/2016\/03\/limo_guest.jpg\" alt=\"Van\" width=\"200\" height=\"100\" \/><\/p>\n<h3>12 Hours Shopping Tour<\/h3>\n<p>Economy (e.g. Mercedes Vito, estate car)<a href=\"http:\/\/www.bertrago.de\/de\/produkt\/12-stunden-shopping-tour-economy\" class=\"medium square otw-button\" style=\"background-color: #FF7F26;\"><i class=\"general foundicon-cart\"><\/i>from \u20ac 479,00<\/a><br \/>\n<\/br><\/p>\n<p>Business (e.g. Mercedes Viano)<a href=\"http:\/\/www.bertrago.de\/de\/produkt\/12-stunden-shopping-tour-business\" class=\"medium square otw-button\" style=\"background-color: #FF7F26;\"><i class=\"general foundicon-cart\"><\/i>from \u20ac 539,00<\/a><br \/>\n<\/br><\/p>\n<p>Exclusive (e.g. Mercedes E-Class)<a href=\"http:\/\/www.bertrago.de\/de\/produkt\/12-stunden-shopping-tour-exclusive\" class=\"medium square otw-button\" style=\"background-color: #FF7F26;\"><i class=\"general foundicon-cart\"><\/i>from \u20ac 949,00<\/a><br \/>\n<\/br><\/p>\n<p>Luxury (e.g. Mercedes S-Class)<a href=\"http:\/\/www.bertrago.de\/de\/produkt\/12-stunden-shopping-tour-luxury\" class=\"medium square otw-button\" style=\"background-color: #FF7F26;\"><i class=\"general foundicon-cart\"><\/i>from \u20ac 1309,00<\/a><br \/>\n<\/br><\/p>\n<p><\/br><\/p>\n<p><strong>Extra charge for a bottle of Mo\u00ebt &#038; Chandon \u20ac 49,00<\/strong><br \/>\n<i>all prices incl. 19% tax<\/i>\n<\/div>\n<p><\/br><\/p>\n<div class=\"connection\">\nYou would like us to make you a non-committal offer or have questions regarding our Airport Transportation Service?<br \/>\nCall us at <strong>+49 (0)30 60960802<\/strong> or send us a fax at <strong>+49 (0)30 60960804<\/strong>.<br \/>\nYou may also write an e-mail to <a href=\"mailto:info@bertrago.de\"><strong>info@bertrago.de<\/strong><\/a> or use the following <strong>contact form<\/strong>.<\/p>\n<p><\/br><\/p>\n<p><i>Informal inquiry:<\/i><br \/>\n<div role=\"form\" class=\"wpcf7\" id=\"wpcf7-f631-o2\" lang=\"de-DE\" dir=\"ltr\">\n<div class=\"screen-reader-response\"><p role=\"status\" aria-live=\"polite\" aria-atomic=\"true\"><\/p> <ul><\/ul><\/div>\n<form action=\"\/en\/wp-json\/wp\/v2\/pages\/538#wpcf7-f631-o2\" method=\"post\" class=\"wpcf7-form init\" novalidate=\"novalidate\" data-status=\"init\" data-trp-original-action=\"\/en\/wp-json\/wp\/v2\/pages\/538#wpcf7-f631-o2\">\n<div style=\"display: none;\">\n<input type=\"hidden\" name=\"_wpcf7\" value=\"631\" \/>\n<input type=\"hidden\" name=\"_wpcf7_version\" value=\"5.3.2\" \/>\n<input type=\"hidden\" name=\"_wpcf7_locale\" value=\"de_DE\" \/>\n<input type=\"hidden\" name=\"_wpcf7_unit_tag\" value=\"wpcf7-f631-o2\" \/>\n<input type=\"hidden\" name=\"_wpcf7_container_post\" value=\"0\" \/>\n<input type=\"hidden\" name=\"_wpcf7_posted_data_hash\" value=\"\" \/>\n<input type=\"hidden\" name=\"_wpcf7cf_hidden_group_fields\" value=\"\" \/>\n<input type=\"hidden\" name=\"_wpcf7cf_hidden_groups\" value=\"\" \/>\n<input type=\"hidden\" name=\"_wpcf7cf_visible_groups\" value=\"\" \/>\n<input type=\"hidden\" name=\"_wpcf7cf_repeaters\" value=\"[]\" \/>\n<input type=\"hidden\" name=\"_wpcf7cf_steps\" value=\"{}\" \/>\n<input type=\"hidden\" name=\"_wpcf7cf_options\" value=\"{&quot;form_id&quot;:631,&quot;conditions&quot;:[],&quot;settings&quot;:{&quot;animation&quot;:&quot;yes&quot;,&quot;animation_intime&quot;:200,&quot;animation_outtime&quot;:200,&quot;conditions_ui&quot;:&quot;normal&quot;,&quot;notice_dismissed&quot;:false}}\" \/>\n<\/div>\n<p>Name *<br \/>\n    <span class=\"wpcf7-form-control-wrap your-name\"><input type=\"text\" name=\"your-name\" value=\"\" size=\"40\" class=\"wpcf7-form-control wpcf7-text wpcf7-validates-as-required\" aria-required=\"true\" aria-invalid=\"false\" \/><\/span> <\/p>\n<p>E-Mail *<br \/>\n    <span class=\"wpcf7-form-control-wrap your-email\"><input type=\"email\" name=\"your-email\" value=\"\" size=\"40\" class=\"wpcf7-form-control wpcf7-text wpcf7-email wpcf7-validates-as-required wpcf7-validates-as-email\" aria-required=\"true\" aria-invalid=\"false\" \/><\/span> <\/p>\n<p>Subject *<br \/>\n    <span class=\"wpcf7-form-control-wrap your-subject\"><input type=\"text\" name=\"your-subject\" value=\"\" size=\"40\" class=\"wpcf7-form-control wpcf7-text wpcf7-validates-as-required\" aria-required=\"true\" aria-invalid=\"false\" \/><\/span> <\/p>\n<p>Your Message *<br \/>\n    <span class=\"wpcf7-form-control-wrap your-message\"><textarea name=\"your-message\" cols=\"40\" rows=\"10\" class=\"wpcf7-form-control wpcf7-textarea wpcf7-validates-as-required\" aria-required=\"true\" aria-invalid=\"false\"><\/textarea><\/span> <\/p>\n<p><input type=\"submit\" value=\"Submit\" class=\"wpcf7-form-control wpcf7-submit\" \/><\/p>\n<div class=\"wpcf7-response-output\" aria-hidden=\"true\"><\/div><input type=\"hidden\" name=\"trp-form-language\" value=\"en\"\/><\/form><\/div><\/div>\n<p><\/p>","protected":false},"excerpt":{"rendered":"<p>Shopping Tours Treat yourself to an exclusive shopping tour with&#8230; <\/p>","protected":false},"author":1,"featured_media":0,"parent":0,"menu_order":0,"comment_status":"closed","ping_status":"closed","template":"template-full-width.php","meta":{"sfsi_plus_gutenberg_text_before_share":"","sfsi_plus_gutenberg_show_text_before_share":"","sfsi_plus_gutenberg_icon_type":"","sfsi_plus_gutenberg_icon_alignemt":"","sfsi_plus_gutenburg_max_per_row":""},"_links":{"self":[{"href":"https:\/\/bertrago.de\/en\/wp-json\/wp\/v2\/pages\/538"}],"collection":[{"href":"https:\/\/bertrago.de\/en\/wp-json\/wp\/v2\/pages"}],"about":[{"href":"https:\/\/bertrago.de\/en\/wp-json\/wp\/v2\/types\/page"}],"author":[{"embeddable":true,"href":"https:\/\/bertrago.de\/en\/wp-json\/wp\/v2\/users\/1"}],"replies":[{"embeddable":true,"href":"https:\/\/bertrago.de\/en\/wp-json\/wp\/v2\/comments?post=538"}],"version-history":[{"count":81,"href":"https:\/\/bertrago.de\/en\/wp-json\/wp\/v2\/pages\/538\/revisions"}],"predecessor-version":[{"id":1460,"href":"https:\/\/bertrago.de\/en\/wp-json\/wp\/v2\/pages\/538\/revisions\/1460"}],"wp:attachment":[{"href":"https:\/\/bertrago.de\/en\/wp-json\/wp\/v2\/media?parent=538"}],"curies":[{"name":"wp","href":"https:\/\/api.w.org\/{rel}","templated":true}]}}